{"id":81,"date":"2023-03-03T14:04:18","date_gmt":"2023-03-03T07:04:18","guid":{"rendered":"http:\/\/morgansink.io\/ve-chung-toi\/"},"modified":"2023-12-20T21:08:35","modified_gmt":"2023-12-20T14:08:35","slug":"ve-chung-toi","status":"publish","type":"page","link":"https:\/\/morgansinktattoo.com\/vi\/ve-chung-toi\/","title":{"rendered":"V\u1ec1 ch\u00fang t\u00f4i"},"content":{"rendered":"<p>Ch\u00fang t\u00f4i t\u1ef1 h\u00e0o th\u00f4ng b\u00e1o r\u1eb1ng \u0111\u00e2y l\u00e0 studio \u0111\u1ea7u ti\u00ean c\u1ee7a ch\u00fang t\u00f4i t\u1ea1i Vi\u1ec7t Nam, ho\u00e0n thi\u1ec7n v\u1edbi ba t\u1ea7ng \u0111\u01b0\u1ee3c trang b\u1ecb \u0111\u1ea7y \u0111\u1ee7 v\u00e0 8 ngh\u1ec7 s\u0129 chuy\u00ean nghi\u1ec7p s\u1eb5n s\u00e0ng gi\u00fap b\u1ea1n t\u1ea1o ra h\u00ecnh x\u0103m trong m\u01a1 c\u1ee7a m\u00ecnh.<\/p>\n","protected":false},"excerpt":{"rendered":"<p>Ch\u00fang t\u00f4i t\u1ef1 h\u00e0o th\u00f4ng b\u00e1o r\u1eb1ng \u0111\u00e2y l\u00e0 studio \u0111\u1ea7u ti\u00ean c\u1ee7a ch\u00fang t\u00f4i t\u1ea1i Vi\u1ec7t Nam, ho\u00e0n thi\u1ec7n v\u1edbi ba t\u1ea7ng \u0111\u01b0\u1ee3c trang b\u1ecb \u0111\u1ea7y \u0111\u1ee7 v\u00e0 8 ngh\u1ec7 s\u0129 chuy\u00ean nghi\u1ec7p s\u1eb5n s\u00e0ng gi\u00fap b\u1ea1n t\u1ea1o ra h\u00ecnh x\u0103m trong m\u01a1 c\u1ee7a m\u00ecnh.<\/p>\n","protected":false},"author":1,"featured_media":244,"parent":0,"menu_order":0,"comment_status":"closed","ping_status":"closed","template":"page-about.php","meta":{"_acf_changed":false,"footnotes":""},"class_list":["post-81","page","type-page","status-publish","has-post-thumbnail","hentry"],"acf":[],"yoast_head":"<!-- This site is optimized with the Yoast SEO plugin v25.9 - https:\/\/yoast.com\/wordpress\/plugins\/seo\/ -->\n<title>V\u1ec1 ch\u00fang t\u00f4i - Morgan&#039;s Ink Tattoo<\/title>\n<meta name=\"robots\" content=\"index, follow, max-snippet:-1, max-image-preview:large, max-video-preview:-1\" \/>\n<link rel=\"canonical\" href=\"https:\/\/morgansinktattoo.com\/vi\/ve-chung-toi\/\" \/>\n<meta property=\"og:locale\" content=\"vi_VN\" \/>\n<meta property=\"og:type\" content=\"article\" \/>\n<meta property=\"og:title\" content=\"V\u1ec1 ch\u00fang t\u00f4i - Morgan&#039;s Ink Tattoo\" \/>\n<meta property=\"og:description\" content=\"Ch\u00fang t\u00f4i t\u1ef1 h\u00e0o th\u00f4ng b\u00e1o r\u1eb1ng \u0111\u00e2y l\u00e0 studio \u0111\u1ea7u ti\u00ean c\u1ee7a ch\u00fang t\u00f4i t\u1ea1i Vi\u1ec7t Nam, ho\u00e0n thi\u1ec7n v\u1edbi ba t\u1ea7ng \u0111\u01b0\u1ee3c trang b\u1ecb \u0111\u1ea7y \u0111\u1ee7 v\u00e0 8 ngh\u1ec7 s\u0129 chuy\u00ean nghi\u1ec7p s\u1eb5n s\u00e0ng gi\u00fap b\u1ea1n t\u1ea1o ra h\u00ecnh x\u0103m trong m\u01a1 c\u1ee7a m\u00ecnh.\" \/>\n<meta property=\"og:url\" content=\"https:\/\/morgansinktattoo.com\/vi\/ve-chung-toi\/\" \/>\n<meta property=\"og:site_name\" content=\"Morgan&#039;s Ink Tattoo\" \/>\n<meta property=\"article:publisher\" content=\"https:\/\/www.facebook.com\/morgansinktattoostudio\" \/>\n<meta property=\"article:modified_time\" content=\"2023-12-20T14:08:35+00:00\" \/>\n<meta property=\"og:image\" content=\"https:\/\/morgansinktattoo.com\/wp-content\/uploads\/2023\/03\/banner1.jpg\" \/>\n\t<meta property=\"og:image:width\" content=\"1920\" \/>\n\t<meta property=\"og:image:height\" content=\"1218\" \/>\n\t<meta property=\"og:image:type\" content=\"image\/jpeg\" \/>\n<meta name=\"twitter:card\" content=\"summary_large_image\" \/>\n<meta name=\"twitter:label1\" content=\"Est. reading time\" \/>\n\t<meta name=\"twitter:data1\" content=\"1 minute\" \/>\n<script type=\"application\/ld+json\" class=\"yoast-schema-graph\">{\"@context\":\"https:\/\/schema.org\",\"@graph\":[{\"@type\":\"WebPage\",\"@id\":\"https:\/\/morgansinktattoo.com\/vi\/ve-chung-toi\/\",\"url\":\"https:\/\/morgansinktattoo.com\/vi\/ve-chung-toi\/\",\"name\":\"V\u1ec1 ch\u00fang t\u00f4i - Morgan&#039;s Ink Tattoo\",\"isPartOf\":{\"@id\":\"https:\/\/morgansinktattoo.com\/vi\/#website\"},\"primaryImageOfPage\":{\"@id\":\"https:\/\/morgansinktattoo.com\/vi\/ve-chung-toi\/#primaryimage\"},\"image\":{\"@id\":\"https:\/\/morgansinktattoo.com\/vi\/ve-chung-toi\/#primaryimage\"},\"thumbnailUrl\":\"https:\/\/morgansinktattoo.com\/wp-content\/uploads\/2023\/03\/banner1.jpg\",\"datePublished\":\"2023-03-03T07:04:18+00:00\",\"dateModified\":\"2023-12-20T14:08:35+00:00\",\"breadcrumb\":{\"@id\":\"https:\/\/morgansinktattoo.com\/vi\/ve-chung-toi\/#breadcrumb\"},\"inLanguage\":\"vi-VN\",\"potentialAction\":[{\"@type\":\"ReadAction\",\"target\":[\"https:\/\/morgansinktattoo.com\/vi\/ve-chung-toi\/\"]}]},{\"@type\":\"ImageObject\",\"inLanguage\":\"vi-VN\",\"@id\":\"https:\/\/morgansinktattoo.com\/vi\/ve-chung-toi\/#primaryimage\",\"url\":\"https:\/\/morgansinktattoo.com\/wp-content\/uploads\/2023\/03\/banner1.jpg\",\"contentUrl\":\"https:\/\/morgansinktattoo.com\/wp-content\/uploads\/2023\/03\/banner1.jpg\",\"width\":1920,\"height\":1218},{\"@type\":\"BreadcrumbList\",\"@id\":\"https:\/\/morgansinktattoo.com\/vi\/ve-chung-toi\/#breadcrumb\",\"itemListElement\":[{\"@type\":\"ListItem\",\"position\":1,\"name\":\"Home\",\"item\":\"https:\/\/morgansinktattoo.com\/vi\/\"},{\"@type\":\"ListItem\",\"position\":2,\"name\":\"V\u1ec1 ch\u00fang t\u00f4i\"}]},{\"@type\":\"WebSite\",\"@id\":\"https:\/\/morgansinktattoo.com\/vi\/#website\",\"url\":\"https:\/\/morgansinktattoo.com\/vi\/\",\"name\":\"Morgan's Ink Tattoo\",\"description\":\"The best Tattoo Studio in Ho Chi Minh City\",\"publisher\":{\"@id\":\"https:\/\/morgansinktattoo.com\/vi\/#organization\"},\"potentialAction\":[{\"@type\":\"SearchAction\",\"target\":{\"@type\":\"EntryPoint\",\"urlTemplate\":\"https:\/\/morgansinktattoo.com\/vi\/?s={search_term_string}\"},\"query-input\":{\"@type\":\"PropertyValueSpecification\",\"valueRequired\":true,\"valueName\":\"search_term_string\"}}],\"inLanguage\":\"vi-VN\"},{\"@type\":\"Organization\",\"@id\":\"https:\/\/morgansinktattoo.com\/vi\/#organization\",\"name\":\"Morgan's Ink Tattoo\",\"url\":\"https:\/\/morgansinktattoo.com\/vi\/\",\"logo\":{\"@type\":\"ImageObject\",\"inLanguage\":\"vi-VN\",\"@id\":\"https:\/\/morgansinktattoo.com\/vi\/#\/schema\/logo\/image\/\",\"url\":\"https:\/\/morgansinktattoo.com\/wp-content\/uploads\/2023\/03\/logo-light-2.png\",\"contentUrl\":\"https:\/\/morgansinktattoo.com\/wp-content\/uploads\/2023\/03\/logo-light-2.png\",\"width\":907,\"height\":204,\"caption\":\"Morgan's Ink Tattoo\"},\"image\":{\"@id\":\"https:\/\/morgansinktattoo.com\/vi\/#\/schema\/logo\/image\/\"},\"sameAs\":[\"https:\/\/www.facebook.com\/morgansinktattoostudio\"]}]}<\/script>\n<!-- \/ Yoast SEO plugin. -->","yoast_head_json":{"title":"V\u1ec1 ch\u00fang t\u00f4i - Morgan&#039;s Ink Tattoo","robots":{"index":"index","follow":"follow","max-snippet":"max-snippet:-1","max-image-preview":"max-image-preview:large","max-video-preview":"max-video-preview:-1"},"canonical":"https:\/\/morgansinktattoo.com\/vi\/ve-chung-toi\/","og_locale":"vi_VN","og_type":"article","og_title":"V\u1ec1 ch\u00fang t\u00f4i - Morgan&#039;s Ink Tattoo","og_description":"Ch\u00fang t\u00f4i t\u1ef1 h\u00e0o th\u00f4ng b\u00e1o r\u1eb1ng \u0111\u00e2y l\u00e0 studio \u0111\u1ea7u ti\u00ean c\u1ee7a ch\u00fang t\u00f4i t\u1ea1i Vi\u1ec7t Nam, ho\u00e0n thi\u1ec7n v\u1edbi ba t\u1ea7ng \u0111\u01b0\u1ee3c trang b\u1ecb \u0111\u1ea7y \u0111\u1ee7 v\u00e0 8 ngh\u1ec7 s\u0129 chuy\u00ean nghi\u1ec7p s\u1eb5n s\u00e0ng gi\u00fap b\u1ea1n t\u1ea1o ra h\u00ecnh x\u0103m trong m\u01a1 c\u1ee7a m\u00ecnh.","og_url":"https:\/\/morgansinktattoo.com\/vi\/ve-chung-toi\/","og_site_name":"Morgan&#039;s Ink Tattoo","article_publisher":"https:\/\/www.facebook.com\/morgansinktattoostudio","article_modified_time":"2023-12-20T14:08:35+00:00","og_image":[{"width":1920,"height":1218,"url":"https:\/\/morgansinktattoo.com\/wp-content\/uploads\/2023\/03\/banner1.jpg","type":"image\/jpeg"}],"twitter_card":"summary_large_image","twitter_misc":{"Est. reading time":"1 minute"},"schema":{"@context":"https:\/\/schema.org","@graph":[{"@type":"WebPage","@id":"https:\/\/morgansinktattoo.com\/vi\/ve-chung-toi\/","url":"https:\/\/morgansinktattoo.com\/vi\/ve-chung-toi\/","name":"V\u1ec1 ch\u00fang t\u00f4i - Morgan&#039;s Ink Tattoo","isPartOf":{"@id":"https:\/\/morgansinktattoo.com\/vi\/#website"},"primaryImageOfPage":{"@id":"https:\/\/morgansinktattoo.com\/vi\/ve-chung-toi\/#primaryimage"},"image":{"@id":"https:\/\/morgansinktattoo.com\/vi\/ve-chung-toi\/#primaryimage"},"thumbnailUrl":"https:\/\/morgansinktattoo.com\/wp-content\/uploads\/2023\/03\/banner1.jpg","datePublished":"2023-03-03T07:04:18+00:00","dateModified":"2023-12-20T14:08:35+00:00","breadcrumb":{"@id":"https:\/\/morgansinktattoo.com\/vi\/ve-chung-toi\/#breadcrumb"},"inLanguage":"vi-VN","potentialAction":[{"@type":"ReadAction","target":["https:\/\/morgansinktattoo.com\/vi\/ve-chung-toi\/"]}]},{"@type":"ImageObject","inLanguage":"vi-VN","@id":"https:\/\/morgansinktattoo.com\/vi\/ve-chung-toi\/#primaryimage","url":"https:\/\/morgansinktattoo.com\/wp-content\/uploads\/2023\/03\/banner1.jpg","contentUrl":"https:\/\/morgansinktattoo.com\/wp-content\/uploads\/2023\/03\/banner1.jpg","width":1920,"height":1218},{"@type":"BreadcrumbList","@id":"https:\/\/morgansinktattoo.com\/vi\/ve-chung-toi\/#breadcrumb","itemListElement":[{"@type":"ListItem","position":1,"name":"Home","item":"https:\/\/morgansinktattoo.com\/vi\/"},{"@type":"ListItem","position":2,"name":"V\u1ec1 ch\u00fang t\u00f4i"}]},{"@type":"WebSite","@id":"https:\/\/morgansinktattoo.com\/vi\/#website","url":"https:\/\/morgansinktattoo.com\/vi\/","name":"Morgan's Ink Tattoo","description":"The best Tattoo Studio in Ho Chi Minh City","publisher":{"@id":"https:\/\/morgansinktattoo.com\/vi\/#organization"},"potentialAction":[{"@type":"SearchAction","target":{"@type":"EntryPoint","urlTemplate":"https:\/\/morgansinktattoo.com\/vi\/?s={search_term_string}"},"query-input":{"@type":"PropertyValueSpecification","valueRequired":true,"valueName":"search_term_string"}}],"inLanguage":"vi-VN"},{"@type":"Organization","@id":"https:\/\/morgansinktattoo.com\/vi\/#organization","name":"Morgan's Ink Tattoo","url":"https:\/\/morgansinktattoo.com\/vi\/","logo":{"@type":"ImageObject","inLanguage":"vi-VN","@id":"https:\/\/morgansinktattoo.com\/vi\/#\/schema\/logo\/image\/","url":"https:\/\/morgansinktattoo.com\/wp-content\/uploads\/2023\/03\/logo-light-2.png","contentUrl":"https:\/\/morgansinktattoo.com\/wp-content\/uploads\/2023\/03\/logo-light-2.png","width":907,"height":204,"caption":"Morgan's Ink Tattoo"},"image":{"@id":"https:\/\/morgansinktattoo.com\/vi\/#\/schema\/logo\/image\/"},"sameAs":["https:\/\/www.facebook.com\/morgansinktattoostudio"]}]}},"_links":{"self":[{"href":"https:\/\/morgansinktattoo.com\/vi\/wp-json\/wp\/v2\/pages\/81","targetHints":{"allow":["GET"]}}],"collection":[{"href":"https:\/\/morgansinktattoo.com\/vi\/wp-json\/wp\/v2\/pages"}],"about":[{"href":"https:\/\/morgansinktattoo.com\/vi\/wp-json\/wp\/v2\/types\/page"}],"author":[{"embeddable":true,"href":"https:\/\/morgansinktattoo.com\/vi\/wp-json\/wp\/v2\/users\/1"}],"replies":[{"embeddable":true,"href":"https:\/\/morgansinktattoo.com\/vi\/wp-json\/wp\/v2\/comments?post=81"}],"version-history":[{"count":6,"href":"https:\/\/morgansinktattoo.com\/vi\/wp-json\/wp\/v2\/pages\/81\/revisions"}],"predecessor-version":[{"id":1199,"href":"https:\/\/morgansinktattoo.com\/vi\/wp-json\/wp\/v2\/pages\/81\/revisions\/1199"}],"wp:featuredmedia":[{"embeddable":true,"href":"https:\/\/morgansinktattoo.com\/vi\/wp-json\/wp\/v2\/media\/244"}],"wp:attachment":[{"href":"https:\/\/morgansinktattoo.com\/vi\/wp-json\/wp\/v2\/media?parent=81"}],"curies":[{"name":"wp","href":"https:\/\/api.w.org\/{rel}","templated":true}]}}