{"id":3506,"date":"2025-04-21T15:15:42","date_gmt":"2025-04-21T08:15:42","guid":{"rendered":"https:\/\/morgansinktattoo.com\/cosmetic-tattoo\/"},"modified":"2025-04-21T15:15:42","modified_gmt":"2025-04-21T08:15:42","slug":"cosmetic-tattoo","status":"publish","type":"page","link":"https:\/\/morgansinktattoo.com\/vi\/cosmetic-tattoo\/","title":{"rendered":"Cosmetic tattoo"},"content":{"rendered":"<p>X\u0103m th\u1ea9m m\u1ef9, c\u00f2n \u0111\u01b0\u1ee3c g\u1ecdi l\u00e0 trang \u0111i\u1ec3m v\u0129nh vi\u1ec5n, l\u00e0 m\u1ed9t d\u1ecbch v\u1ee5 l\u00e0m \u0111\u1eb9p chuy\u00ean bi\u1ec7t gi\u00fap c\u1ea3i thi\u1ec7n c\u00e1c \u0111\u1eb7c \u0111i\u1ec3m tr\u00ean khu\u00f4n m\u1eb7t th\u00f4ng qua vi\u1ec7c \u0111\u01b0a s\u1eafc t\u1ed1 v\u00e0o da.<\/p>\n<h2>D\u1ecbch v\u1ee5 x\u0103m th\u1ea9m m\u1ef9<\/h2>\n<p>K\u1ef9 thu\u1eadt c\u1ea3i ti\u1ebfn n\u00e0y cho ph\u00e9p m\u1ecdi ng\u01b0\u1eddi c\u00f3 \u0111\u01b0\u1ee3c v\u1ebb ngo\u00e0i ho\u00e0n h\u1ea3o m\u00e0 kh\u00f4ng c\u1ea7n ph\u1ea3i trang \u0111i\u1ec3m h\u00e0ng ng\u00e0y. C\u00e1c d\u1ecbch v\u1ee5 th\u01b0\u1eddng bao g\u1ed3m x\u0103m l\u00f4ng m\u00e0y, c\u00f3 th\u1ec3 t\u1ea1o ra h\u00e0ng l\u00f4ng m\u00e0y \u0111\u1ea7y \u0111\u1eb7n v\u00e0 r\u00f5 n\u00e9t h\u01a1n th\u00f4ng qua c\u00e1c ph\u01b0\u01a1ng ph\u00e1p nh\u01b0 phun m\u00e0y ho\u1eb7c t\u00e1n b\u1ed9t. X\u0103m m\u1eaft gi\u00fap l\u00e0m n\u1ed5i b\u1eadt \u0111\u00f4i m\u1eaft, mang l\u1ea1i n\u00e9t tinh t\u1ebf ho\u1eb7c \u0111\u1eadm n\u00e9t v\u00e0 k\u00e9o d\u00e0i trong nhi\u1ec1u n\u0103m. Ngo\u00e0i ra, vi\u1ec7c nhu\u1ed9m m\u00f4i ho\u1eb7c x\u0103m m\u00f4i c\u00f2n mang l\u1ea1i m\u00e0u s\u1eafc t\u1ef1 nhi\u00ean cho \u0111\u00f4i m\u00f4i, gi\u00fap t\u0103ng c\u01b0\u1eddng h\u00ecnh d\u1ea1ng v\u00e0 \u0111\u1ed9 \u0111\u1ea7y \u0111\u1eb7n c\u1ee7a m\u00f4i.<\/p>\n<p>Quy tr\u00ecnh n\u00e0y \u0111\u01b0\u1ee3c th\u1ef1c hi\u1ec7n b\u1edfi c\u00e1c k\u1ef9 thu\u1eadt vi\u00ean l\u00e0nh ngh\u1ec1, s\u1eed d\u1ee5ng k\u1ef9 thu\u1eadt ti\u00ean ti\u1ebfn v\u00e0 thi\u1ebft b\u1ecb v\u00f4 tr\u00f9ng \u0111\u1ec3 \u0111\u1ea3m b\u1ea3o an to\u00e0n v\u00e0 ch\u00ednh x\u00e1c. C\u00e1c s\u1eafc t\u1ed1 \u0111\u01b0\u1ee3c s\u1eed d\u1ee5ng \u0111\u01b0\u1ee3c pha ch\u1ebf chuy\u00ean bi\u1ec7t cho m\u1ee5c \u0111\u00edch th\u1ea9m m\u1ef9, \u0111\u1ea3m b\u1ea3o an to\u00e0n cho da v\u00e0 mang l\u1ea1i k\u1ebft qu\u1ea3 l\u00e2u d\u00e0i. H\u01b0\u1edbng d\u1eabn ch\u0103m s\u00f3c sau khi nhu\u1ed9m \u0111\u01b0\u1ee3c cung c\u1ea5p \u0111\u1ec3 \u0111\u1ea3m b\u1ea3o qu\u00e1 tr\u00ecnh ch\u1eefa l\u00e0nh v\u00e0 gi\u1eef m\u00e0u t\u1ed1i \u01b0u. Nh\u00ecn chung, x\u0103m th\u1ea9m m\u1ef9 l\u00e0 l\u1ef1a ch\u1ecdn tuy\u1ec7t v\u1eddi cho nh\u1eefng ai mu\u1ed1n \u0111\u01a1n gi\u1ea3n h\u00f3a th\u00f3i quen l\u00e0m \u0111\u1eb9p, c\u1ea3i thi\u1ec7n c\u00e1c n\u00e9t tr\u00ean khu\u00f4n m\u1eb7t v\u00e0 t\u1eadn h\u01b0\u1edfng v\u1ebb ngo\u00e0i l\u00e2u tr\u00f4i, d\u1ec5 d\u00e0ng.<\/p>\n<p>&nbsp;<\/p>\n<h3>Li\u00ean h\u1ec7<\/h3>\n<ul>\n<li>175 B\u00f9i Vi\u1ec7n, Ph\u01b0\u1eddng Ph\u1ea1m Ng\u0169 L\u00e3o, Qu\u1eadn 1, TP. H\u1ed3 Ch\u00ed Minh<\/li>\n<li>Hotline: (+84) 89 840 93 99<\/li>\n<li>Fax: (+84) 937 274 001<\/li>\n<li>Email: hcmc@morgansinktattoo.com<\/li>\n<li>Website: <a href=\"https:\/\/morgansinktattoovietnam.com\/\">https:\/\/morgansinktattoovietnam.com\/<\/a> \u2013 <a href=\"https:\/\/morgansinktattoo.com\/\">https:\/\/morgansinktattoo.com\/<\/a><\/li>\n<\/ul>\n","protected":false},"excerpt":{"rendered":"<p>X\u0103m th\u1ea9m m\u1ef9, c\u00f2n \u0111\u01b0\u1ee3c g\u1ecdi l\u00e0 trang \u0111i\u1ec3m v\u0129nh vi\u1ec5n, l\u00e0 m\u1ed9t d\u1ecbch v\u1ee5 l\u00e0m \u0111\u1eb9p chuy\u00ean bi\u1ec7t gi\u00fap c\u1ea3i thi\u1ec7n c\u00e1c \u0111\u1eb7c \u0111i\u1ec3m tr\u00ean khu\u00f4n m\u1eb7t th\u00f4ng qua vi\u1ec7c \u0111\u01b0a s\u1eafc t\u1ed1 v\u00e0o da. D\u1ecbch v\u1ee5 x\u0103m th\u1ea9m m\u1ef9 K\u1ef9 thu\u1eadt c\u1ea3i ti\u1ebfn n\u00e0y cho ph\u00e9p m\u1ecdi ng\u01b0\u1eddi c\u00f3 \u0111\u01b0\u1ee3c v\u1ebb ngo\u00e0i ho\u00e0n [&hellip;]<\/p>\n","protected":false},"author":1,"featured_media":3441,"parent":0,"menu_order":0,"comment_status":"closed","ping_status":"closed","template":"page-cosmetic.php","meta":{"_acf_changed":false,"footnotes":""},"class_list":["post-3506","page","type-page","status-publish","has-post-thumbnail","hentry"],"acf":[],"yoast_head":"<!-- This site is optimized with the Yoast SEO plugin v25.9 - https:\/\/yoast.com\/wordpress\/plugins\/seo\/ -->\n<title>Cosmetic tattoo - Morgan&#039;s Ink Tattoo<\/title>\n<meta name=\"robots\" content=\"index, follow, max-snippet:-1, max-image-preview:large, max-video-preview:-1\" \/>\n<link rel=\"canonical\" href=\"https:\/\/morgansinktattoo.com\/vi\/cosmetic-tattoo\/\" \/>\n<meta property=\"og:locale\" content=\"vi_VN\" \/>\n<meta property=\"og:type\" content=\"article\" \/>\n<meta property=\"og:title\" content=\"Cosmetic tattoo - Morgan&#039;s Ink Tattoo\" \/>\n<meta property=\"og:description\" content=\"X\u0103m th\u1ea9m m\u1ef9, c\u00f2n \u0111\u01b0\u1ee3c g\u1ecdi l\u00e0 trang \u0111i\u1ec3m v\u0129nh vi\u1ec5n, l\u00e0 m\u1ed9t d\u1ecbch v\u1ee5 l\u00e0m \u0111\u1eb9p chuy\u00ean bi\u1ec7t gi\u00fap c\u1ea3i thi\u1ec7n c\u00e1c \u0111\u1eb7c \u0111i\u1ec3m tr\u00ean khu\u00f4n m\u1eb7t th\u00f4ng qua vi\u1ec7c \u0111\u01b0a s\u1eafc t\u1ed1 v\u00e0o da. D\u1ecbch v\u1ee5 x\u0103m th\u1ea9m m\u1ef9 K\u1ef9 thu\u1eadt c\u1ea3i ti\u1ebfn n\u00e0y cho ph\u00e9p m\u1ecdi ng\u01b0\u1eddi c\u00f3 \u0111\u01b0\u1ee3c v\u1ebb ngo\u00e0i ho\u00e0n [&hellip;]\" \/>\n<meta property=\"og:url\" content=\"https:\/\/morgansinktattoo.com\/vi\/cosmetic-tattoo\/\" \/>\n<meta property=\"og:site_name\" content=\"Morgan&#039;s Ink Tattoo\" \/>\n<meta property=\"article:publisher\" content=\"https:\/\/www.facebook.com\/morgansinktattoostudio\" \/>\n<meta property=\"og:image\" content=\"https:\/\/morgansinktattoo.com\/wp-content\/uploads\/2025\/04\/lip-tattoo-procedure-2-e1524542694903.jpeg\" \/>\n\t<meta property=\"og:image:width\" content=\"2000\" \/>\n\t<meta property=\"og:image:height\" content=\"1500\" \/>\n\t<meta property=\"og:image:type\" content=\"image\/jpeg\" \/>\n<meta name=\"twitter:card\" content=\"summary_large_image\" \/>\n<meta name=\"twitter:label1\" content=\"Est. reading time\" \/>\n\t<meta name=\"twitter:data1\" content=\"2 minutes\" \/>\n<script type=\"application\/ld+json\" class=\"yoast-schema-graph\">{\"@context\":\"https:\/\/schema.org\",\"@graph\":[{\"@type\":\"WebPage\",\"@id\":\"https:\/\/morgansinktattoo.com\/vi\/cosmetic-tattoo\/\",\"url\":\"https:\/\/morgansinktattoo.com\/vi\/cosmetic-tattoo\/\",\"name\":\"Cosmetic tattoo - Morgan&#039;s Ink Tattoo\",\"isPartOf\":{\"@id\":\"https:\/\/www.morgansinktattoo.com\/vi\/#website\"},\"primaryImageOfPage\":{\"@id\":\"https:\/\/morgansinktattoo.com\/vi\/cosmetic-tattoo\/#primaryimage\"},\"image\":{\"@id\":\"https:\/\/morgansinktattoo.com\/vi\/cosmetic-tattoo\/#primaryimage\"},\"thumbnailUrl\":\"https:\/\/morgansinktattoo.com\/wp-content\/uploads\/2025\/04\/lip-tattoo-procedure-2-e1524542694903.jpeg\",\"datePublished\":\"2025-04-21T08:15:42+00:00\",\"breadcrumb\":{\"@id\":\"https:\/\/morgansinktattoo.com\/vi\/cosmetic-tattoo\/#breadcrumb\"},\"inLanguage\":\"vi-VN\",\"potentialAction\":[{\"@type\":\"ReadAction\",\"target\":[\"https:\/\/morgansinktattoo.com\/vi\/cosmetic-tattoo\/\"]}]},{\"@type\":\"ImageObject\",\"inLanguage\":\"vi-VN\",\"@id\":\"https:\/\/morgansinktattoo.com\/vi\/cosmetic-tattoo\/#primaryimage\",\"url\":\"https:\/\/morgansinktattoo.com\/wp-content\/uploads\/2025\/04\/lip-tattoo-procedure-2-e1524542694903.jpeg\",\"contentUrl\":\"https:\/\/morgansinktattoo.com\/wp-content\/uploads\/2025\/04\/lip-tattoo-procedure-2-e1524542694903.jpeg\",\"width\":2000,\"height\":1500},{\"@type\":\"BreadcrumbList\",\"@id\":\"https:\/\/morgansinktattoo.com\/vi\/cosmetic-tattoo\/#breadcrumb\",\"itemListElement\":[{\"@type\":\"ListItem\",\"position\":1,\"name\":\"Home\",\"item\":\"https:\/\/morgansinktattoo.com\/vi\/\"},{\"@type\":\"ListItem\",\"position\":2,\"name\":\"Cosmetic tattoo\"}]},{\"@type\":\"WebSite\",\"@id\":\"https:\/\/www.morgansinktattoo.com\/vi\/#website\",\"url\":\"https:\/\/www.morgansinktattoo.com\/vi\/\",\"name\":\"Morgan's Ink Tattoo\",\"description\":\"The best Tattoo Studio in Ho Chi Minh City\",\"publisher\":{\"@id\":\"https:\/\/www.morgansinktattoo.com\/vi\/#organization\"},\"potentialAction\":[{\"@type\":\"SearchAction\",\"target\":{\"@type\":\"EntryPoint\",\"urlTemplate\":\"https:\/\/www.morgansinktattoo.com\/vi\/?s={search_term_string}\"},\"query-input\":{\"@type\":\"PropertyValueSpecification\",\"valueRequired\":true,\"valueName\":\"search_term_string\"}}],\"inLanguage\":\"vi-VN\"},{\"@type\":\"Organization\",\"@id\":\"https:\/\/www.morgansinktattoo.com\/vi\/#organization\",\"name\":\"Morgan's Ink Tattoo\",\"url\":\"https:\/\/www.morgansinktattoo.com\/vi\/\",\"logo\":{\"@type\":\"ImageObject\",\"inLanguage\":\"vi-VN\",\"@id\":\"https:\/\/www.morgansinktattoo.com\/vi\/#\/schema\/logo\/image\/\",\"url\":\"https:\/\/morgansinktattoo.com\/wp-content\/uploads\/2023\/03\/logo-light-2.png\",\"contentUrl\":\"https:\/\/morgansinktattoo.com\/wp-content\/uploads\/2023\/03\/logo-light-2.png\",\"width\":907,\"height\":204,\"caption\":\"Morgan's Ink Tattoo\"},\"image\":{\"@id\":\"https:\/\/www.morgansinktattoo.com\/vi\/#\/schema\/logo\/image\/\"},\"sameAs\":[\"https:\/\/www.facebook.com\/morgansinktattoostudio\"]}]}<\/script>\n<!-- \/ Yoast SEO plugin. -->","yoast_head_json":{"title":"Cosmetic tattoo - Morgan&#039;s Ink Tattoo","robots":{"index":"index","follow":"follow","max-snippet":"max-snippet:-1","max-image-preview":"max-image-preview:large","max-video-preview":"max-video-preview:-1"},"canonical":"https:\/\/morgansinktattoo.com\/vi\/cosmetic-tattoo\/","og_locale":"vi_VN","og_type":"article","og_title":"Cosmetic tattoo - Morgan&#039;s Ink Tattoo","og_description":"X\u0103m th\u1ea9m m\u1ef9, c\u00f2n \u0111\u01b0\u1ee3c g\u1ecdi l\u00e0 trang \u0111i\u1ec3m v\u0129nh vi\u1ec5n, l\u00e0 m\u1ed9t d\u1ecbch v\u1ee5 l\u00e0m \u0111\u1eb9p chuy\u00ean bi\u1ec7t gi\u00fap c\u1ea3i thi\u1ec7n c\u00e1c \u0111\u1eb7c \u0111i\u1ec3m tr\u00ean khu\u00f4n m\u1eb7t th\u00f4ng qua vi\u1ec7c \u0111\u01b0a s\u1eafc t\u1ed1 v\u00e0o da. D\u1ecbch v\u1ee5 x\u0103m th\u1ea9m m\u1ef9 K\u1ef9 thu\u1eadt c\u1ea3i ti\u1ebfn n\u00e0y cho ph\u00e9p m\u1ecdi ng\u01b0\u1eddi c\u00f3 \u0111\u01b0\u1ee3c v\u1ebb ngo\u00e0i ho\u00e0n [&hellip;]","og_url":"https:\/\/morgansinktattoo.com\/vi\/cosmetic-tattoo\/","og_site_name":"Morgan&#039;s Ink Tattoo","article_publisher":"https:\/\/www.facebook.com\/morgansinktattoostudio","og_image":[{"width":2000,"height":1500,"url":"https:\/\/morgansinktattoo.com\/wp-content\/uploads\/2025\/04\/lip-tattoo-procedure-2-e1524542694903.jpeg","type":"image\/jpeg"}],"twitter_card":"summary_large_image","twitter_misc":{"Est. reading time":"2 minutes"},"schema":{"@context":"https:\/\/schema.org","@graph":[{"@type":"WebPage","@id":"https:\/\/morgansinktattoo.com\/vi\/cosmetic-tattoo\/","url":"https:\/\/morgansinktattoo.com\/vi\/cosmetic-tattoo\/","name":"Cosmetic tattoo - Morgan&#039;s Ink Tattoo","isPartOf":{"@id":"https:\/\/www.morgansinktattoo.com\/vi\/#website"},"primaryImageOfPage":{"@id":"https:\/\/morgansinktattoo.com\/vi\/cosmetic-tattoo\/#primaryimage"},"image":{"@id":"https:\/\/morgansinktattoo.com\/vi\/cosmetic-tattoo\/#primaryimage"},"thumbnailUrl":"https:\/\/morgansinktattoo.com\/wp-content\/uploads\/2025\/04\/lip-tattoo-procedure-2-e1524542694903.jpeg","datePublished":"2025-04-21T08:15:42+00:00","breadcrumb":{"@id":"https:\/\/morgansinktattoo.com\/vi\/cosmetic-tattoo\/#breadcrumb"},"inLanguage":"vi-VN","potentialAction":[{"@type":"ReadAction","target":["https:\/\/morgansinktattoo.com\/vi\/cosmetic-tattoo\/"]}]},{"@type":"ImageObject","inLanguage":"vi-VN","@id":"https:\/\/morgansinktattoo.com\/vi\/cosmetic-tattoo\/#primaryimage","url":"https:\/\/morgansinktattoo.com\/wp-content\/uploads\/2025\/04\/lip-tattoo-procedure-2-e1524542694903.jpeg","contentUrl":"https:\/\/morgansinktattoo.com\/wp-content\/uploads\/2025\/04\/lip-tattoo-procedure-2-e1524542694903.jpeg","width":2000,"height":1500},{"@type":"BreadcrumbList","@id":"https:\/\/morgansinktattoo.com\/vi\/cosmetic-tattoo\/#breadcrumb","itemListElement":[{"@type":"ListItem","position":1,"name":"Home","item":"https:\/\/morgansinktattoo.com\/vi\/"},{"@type":"ListItem","position":2,"name":"Cosmetic tattoo"}]},{"@type":"WebSite","@id":"https:\/\/www.morgansinktattoo.com\/vi\/#website","url":"https:\/\/www.morgansinktattoo.com\/vi\/","name":"Morgan's Ink Tattoo","description":"The best Tattoo Studio in Ho Chi Minh City","publisher":{"@id":"https:\/\/www.morgansinktattoo.com\/vi\/#organization"},"potentialAction":[{"@type":"SearchAction","target":{"@type":"EntryPoint","urlTemplate":"https:\/\/www.morgansinktattoo.com\/vi\/?s={search_term_string}"},"query-input":{"@type":"PropertyValueSpecification","valueRequired":true,"valueName":"search_term_string"}}],"inLanguage":"vi-VN"},{"@type":"Organization","@id":"https:\/\/www.morgansinktattoo.com\/vi\/#organization","name":"Morgan's Ink Tattoo","url":"https:\/\/www.morgansinktattoo.com\/vi\/","logo":{"@type":"ImageObject","inLanguage":"vi-VN","@id":"https:\/\/www.morgansinktattoo.com\/vi\/#\/schema\/logo\/image\/","url":"https:\/\/morgansinktattoo.com\/wp-content\/uploads\/2023\/03\/logo-light-2.png","contentUrl":"https:\/\/morgansinktattoo.com\/wp-content\/uploads\/2023\/03\/logo-light-2.png","width":907,"height":204,"caption":"Morgan's Ink Tattoo"},"image":{"@id":"https:\/\/www.morgansinktattoo.com\/vi\/#\/schema\/logo\/image\/"},"sameAs":["https:\/\/www.facebook.com\/morgansinktattoostudio"]}]}},"_links":{"self":[{"href":"https:\/\/morgansinktattoo.com\/vi\/wp-json\/wp\/v2\/pages\/3506","targetHints":{"allow":["GET"]}}],"collection":[{"href":"https:\/\/morgansinktattoo.com\/vi\/wp-json\/wp\/v2\/pages"}],"about":[{"href":"https:\/\/morgansinktattoo.com\/vi\/wp-json\/wp\/v2\/types\/page"}],"author":[{"embeddable":true,"href":"https:\/\/morgansinktattoo.com\/vi\/wp-json\/wp\/v2\/users\/1"}],"replies":[{"embeddable":true,"href":"https:\/\/morgansinktattoo.com\/vi\/wp-json\/wp\/v2\/comments?post=3506"}],"version-history":[{"count":0,"href":"https:\/\/morgansinktattoo.com\/vi\/wp-json\/wp\/v2\/pages\/3506\/revisions"}],"wp:featuredmedia":[{"embeddable":true,"href":"https:\/\/morgansinktattoo.com\/vi\/wp-json\/wp\/v2\/media\/3441"}],"wp:attachment":[{"href":"https:\/\/morgansinktattoo.com\/vi\/wp-json\/wp\/v2\/media?parent=3506"}],"curies":[{"name":"wp","href":"https:\/\/api.w.org\/{rel}","templated":true}]}}