{"id":3505,"date":"2024-11-11T23:57:12","date_gmt":"2024-11-11T16:57:12","guid":{"rendered":"https:\/\/morgansinktattoo.com\/tattoo-studio-tai-hoi-an\/"},"modified":"2024-11-11T23:57:12","modified_gmt":"2024-11-11T16:57:12","slug":"tattoo-studio-tai-hoi-an","status":"publish","type":"page","link":"https:\/\/morgansinktattoo.com\/vi\/tattoo-studio-tai-hoi-an\/","title":{"rendered":"Tattoo Studio t\u1ea1i H\u1ed9i An"},"content":{"rendered":"<h3>KINH NGHI\u1ec6M<\/h3>\n<p>Morgan\u2019s Ink Tattoo Studio l\u00e0 m\u1ed9t studio x\u0103m h\u00ecnh chuy\u00ean nghi\u1ec7p c\u00f3 tr\u1ee5 s\u1edf t\u1ea1i Th\u00e0nh ph\u1ed1 H\u1ed3 Ch\u00ed Minh, Vi\u1ec7t Nam v\u00e0 \u0111\u01b0\u1ee3c th\u00e0nh l\u1eadp v\u00e0o n\u0103m 2023. Studio c\u1ee7a ch\u00fang t\u00f4i \u0111\u01b0\u1ee3c th\u00e0nh l\u1eadp b\u1edfi m\u1ed9t nh\u00f3m ngh\u1ec7 s\u0129 l\u00e0nh ngh\u1ec1 v\u00e0 m\u1ed9t doanh nh\u00e2n ng\u01b0\u1eddi \u00dac v\u1edbi m\u1ee5c ti\u00eau tr\u1edf th\u00e0nh ti\u1ec7m x\u0103m h\u00ecnh t\u1ed1t nh\u1ea5t t\u1ea1i Th\u00e0nh ph\u1ed1 H\u1ed3 Ch\u00ed Minh. V\u1edbi t\u01b0 c\u00e1ch l\u00e0 m\u1ed9t studio v\u00e0 m\u1ed9t nh\u00f3m, ch\u00fang t\u00f4i n\u1ed7 l\u1ef1c truy\u1ec1n t\u1ea3i suy ngh\u0129, nguy\u1ec7n v\u1ecdng, mong mu\u1ed1n v\u00e0 \u01b0\u1edbc m\u01a1 c\u1ee7a m\u1ecdi ng\u01b0\u1eddi theo c\u00e1ch s\u00e1ng t\u1ea1o v\u00e0 ngh\u1ec7 thu\u1eadt nh\u1ea5t c\u00f3 th\u1ec3.<\/p>\n<h3>TATTOO ARTISTS CHUY\u00caN NGHI\u1ec6P T\u1ea0I H\u1ed8I AN<\/h3>\n<p>Studio c\u00f3 10 ngh\u1ec7 s\u0129 x\u0103m h\u00ecnh tay ngh\u1ec1 cao, t\u1ea5t c\u1ea3 \u0111\u1ec1u \u0111\u1ebfn t\u1eeb Vi\u1ec7t Nam, v\u00e0 \u0111\u1ec1u c\u00f3 h\u01a1n 5 n\u0103m kinh nghi\u1ec7m trong ng\u00e0nh x\u0103m h\u00ecnh. V\u1edbi nhi\u1ec1u phong c\u00e1ch h\u00ecnh x\u0103m kh\u00e1c nhau nh\u01b0 ch\u1ee7 ngh\u0129a hi\u1ec7n th\u1ef1c, \u0111\u01b0\u1eddng n\u00e9t tinh t\u1ebf, m\u00e0u n\u01b0\u1edbc, c\u1ed5 \u0111i\u1ec3n, \u0111en, ch\u1ea5m bi, truy\u1ec1n th\u1ed1ng v\u00e0 anime (v\u00e0 t\u1ea5t nhi\u00ean c\u00f2n nhi\u1ec1u phong c\u00e1ch kh\u00e1c n\u1eefa!), ch\u00fang t\u00f4i c\u00f3 v\u00f4 s\u1ed1 phong c\u00e1ch v\u00e0 th\u1ec3 lo\u1ea1i \u0111\u1ec3 b\u1ea1n c\u00f3 th\u1ec3 th\u1ec3 hi\u1ec7n tr\u1ecdn v\u1eb9n b\u1ea3n th\u00e2n b\u1eb1ng m\u1ef1c v\u00e0 \u0111\u1ea3m b\u1ea3o s\u1ef1 h\u00e0i l\u00f2ng c\u1ee7a kh\u00e1ch h\u00e0ng v\u1edbi m\u1ecdi s\u00e1ng t\u1ea1o.<\/p>\n<h3>C\u00c1C D\u1ecaCH V\u1ee4 KH\u00c1C NHAU<\/h3>\n<p>Ngo\u00e0i kinh nghi\u1ec7m trong l\u0129nh v\u1ef1c x\u0103m h\u00ecnh, Morgan\u2019s Ink Tattoo Studio c\u00f2n c\u00f3 kinh nghi\u1ec7m trong l\u0129nh v\u1ef1c x\u1ecf khuy\u00ean. H\u00e3y \u0111\u1ec3 ch\u00fang t\u00f4i gi\u00fap b\u1ea1n \u0111\u01b0a ra quy\u1ebft \u0111\u1ecbnh d\u1ec5 d\u00e0ng h\u01a1n v\u1edbi \u0111\u1ed9i ng\u0169 ngh\u1ec7 s\u0129 gi\u00e0u kinh nghi\u1ec7m, nh\u1eefng ng\u01b0\u1eddi c\u00f3 th\u1ec3 h\u1ed7 tr\u1ee3 b\u1ea1n x\u1ecf khuy\u00ean cho c\u1ea3 nam v\u00e0 n\u1eef. T\u1eeb ki\u1ec3u x\u1ecf khuy\u00ean v\u00e0 v\u1ecb tr\u00ed x\u1ecf khuy\u00ean cho \u0111\u1ebfn c\u00e1ch ch\u1ecdn \u0111\u1ed3 trang s\u1ee9c ph\u00f9 h\u1ee3p: ch\u00fang t\u00f4i \u1edf \u0111\u00e2y \u0111\u1ec3 gi\u00fap b\u1ea1n t\u1ecfa s\u00e1ng!<\/p>\n<p>B\u1ea1n \u0111\u00e3 ch\u1ecdn ho\u1eb7c t\u1ea1o ra thi\u1ebft k\u1ebf h\u00ecnh x\u0103m c\u1ee7a ri\u00eang m\u00ecnh ch\u01b0a? B\u1ea1n c\u00f3 c\u1ea7n tr\u1ee3 gi\u00fap \u0111\u1ec3 quy\u1ebft \u0111\u1ecbnh n\u00ean x\u0103m h\u00ecnh g\u00ec kh\u00f4ng? D\u00f9 trong b\u1ea5t k\u1ef3 ho\u00e0n c\u1ea3nh n\u00e0o, \u0111\u1ed9i ng\u0169 t\u1ea1i Morgan\u2019s Ink Tattoo Studio lu\u00f4n s\u1eb5n s\u00e0ng bi\u1ebfn tr\u00ed t\u01b0\u1edfng t\u01b0\u1ee3ng c\u1ee7a b\u1ea1n th\u00e0nh hi\u1ec7n th\u1ef1c. \u0110\u1ed9i ng\u0169 ngh\u1ec7 s\u0129 x\u0103m h\u00ecnh gi\u00e0u kinh nghi\u1ec7m v\u00e0 \u0111\u1ed9i ng\u0169 qu\u1ea3n l\u00fd th\u00e2n thi\u1ec7n s\u1ebd h\u1ed7 tr\u1ee3 b\u1ea1n hi\u1ec7n th\u1ef1c h\u00f3a \u00fd t\u01b0\u1edfng v\u00e0 thi\u1ebft k\u1ebf th\u00e0nh t\u00e1c ph\u1ea9m ngh\u1ec7 thu\u1eadt m\u1ef1c tuy\u1ec7t \u0111\u1eb9p. T\u1ea1i Morgan\u2019s Ink Tattoo Studio, ch\u00fang t\u00f4i lu\u00f4n \u0111\u1eb7t s\u1ef1 an to\u00e0n v\u00e0 v\u1ec7 sinh l\u00ean h\u00e0ng \u0111\u1ea7u, v\u00ec v\u1eady b\u1ea1n lu\u00f4n c\u00f3 th\u1ec3 c\u1ea3m th\u1ea5y an to\u00e0n khi giao ph\u00f3 vi\u1ec7c x\u0103m h\u00ecnh ho\u1eb7c x\u1ecf khuy\u00ean cho ch\u00fang t\u00f4i t\u1ea1i studio.<\/p>\n<h3>T\u1eacN T\u00c2M<\/h3>\n<p>Sau khi b\u1ea1n x\u0103m h\u00ecnh ho\u1eb7c x\u1ecf khuy\u00ean t\u1ea1i studio, ch\u00fang t\u00f4i lu\u00f4n cung c\u1ea5p h\u01b0\u1edbng d\u1eabn ch\u0103m s\u00f3c sau khi x\u0103m v\u00e0 x\u1ecf khuy\u00ean c\u1ea9n th\u1eadn \u0111\u1ec3 c\u00f3 \u0111\u01b0\u1ee3c s\u1ea3n ph\u1ea9m cu\u1ed1i c\u00f9ng \u0111\u1eb9p nh\u1ea5t c\u00f3 th\u1ec3. Ch\u00fang t\u00f4i cung c\u1ea5p m\u1ed9t m\u00f4i tr\u01b0\u1eddng studio tho\u1ea3i m\u00e1i v\u00e0 th\u01b0 gi\u00e3n v\u1edbi c\u00e1c ngh\u1ec7 s\u0129 x\u0103m h\u00ecnh chuy\u00ean nghi\u1ec7p gi\u00e0u kinh nghi\u1ec7m, v\u00e0 m\u1ed7i h\u00ecnh x\u0103m ch\u00fang t\u00f4i th\u1ef1c hi\u1ec7n \u0111\u1ec1u \u0111\u01b0\u1ee3c thi\u1ebft k\u1ebf theo t\u1eebng kh\u00e1ch h\u00e0ng. H\u00e3y y\u00ean t\u00e2m, h\u00ecnh x\u0103m c\u1ee7a b\u1ea1n s\u1ebd \u0111\u01b0\u1ee3c thi\u1ebft k\u1ebf theo th\u00f4ng s\u1ed1 k\u1ef9 thu\u1eadt, s\u1ed1 \u0111o v\u00e0 phong c\u00e1ch\/h\u00ecnh d\u00e1ng l\u00fd t\u01b0\u1edfng c\u1ee7a b\u1ea1n, b\u1ea5t k\u1ec3 phong c\u00e1ch hay k\u00edch th\u01b0\u1edbc. \u0110\u1eebng ch\u1ea7n ch\u1eeb n\u1eefa v\u00e0 h\u00e3y tho\u1ea3i m\u00e1i \u0111\u1eb7t l\u1ecbch h\u1eb9n v\u1edbi ch\u00fang t\u00f4i!<\/p>\n<h3>CH\u00da \u00dd<\/h3>\n<p>N\u1ebfu b\u1ea1n ch\u01b0a ch\u1eafc ch\u1eafn 100% v\u1ec1 h\u00ecnh x\u0103m m\u00ecnh mu\u1ed1n x\u0103m, ngh\u1ec7 s\u0129 c\u1ee7a ch\u00fang t\u00f4i s\u1ebd r\u1ea5t vui l\u00f2ng h\u1ed7 tr\u1ee3 thi\u1ebft k\u1ebf h\u00ecnh x\u0103m \u0111\u1ed9c \u0111\u00e1o d\u00e0nh ri\u00eang cho b\u1ea1n. Khi b\u1ea1n \u0111\u00e3 h\u00e0i l\u00f2ng v\u1edbi thi\u1ebft k\u1ebf v\u00e0 gi\u00e1 c\u1ea3, ch\u00fang t\u00f4i s\u1ebd l\u1ea5y m\u1ed9t kho\u1ea3n ti\u1ec1n \u0111\u1eb7t c\u1ecdc nh\u1ecf \u0111\u1ec3 chi tr\u1ea3 cho b\u1ea3n ph\u00e1c th\u1ea3o thi\u1ebft k\u1ebf. Sau \u0111\u00f3, ch\u00fang t\u00f4i s\u1ebd s\u1eafp x\u1ebfp cho b\u1ea1n ng\u00e0y b\u1ea1n mu\u1ed1n.<\/p>\n<p>\u0110\u1ec3 \u0111\u1eb7t l\u1ecbch h\u1eb9n v\u1edbi ti\u1ec7m x\u0103m h\u00ecnh c\u1ee7a ch\u00fang t\u00f4i t\u1ea1i Th\u00e0nh ph\u1ed1 H\u1ed3 Ch\u00ed Minh, vui l\u00f2ng li\u00ean h\u1ec7 v\u1edbi ch\u00fang t\u00f4i theo s\u1ed1 (+84) 89 840 93 99. Ngo\u00e0i ra, b\u1ea1n c\u00f3 th\u1ec3 nh\u1ea5p v\u00e0o n\u00fat \u201c\u0110\u1eb6T L\u1ecaCH X\u0102M\u201d \u1edf g\u00f3c tr\u00ean b\u00ean ph\u1ea3i m\u00e0n h\u00ecnh HO\u1eb6C nh\u1eafn tin cho ch\u00fang t\u00f4i tr\u00ean m\u1ed9t trong c\u00e1c n\u1ec1n t\u1ea3ng m\u1ea1ng x\u00e3 h\u1ed9i c\u1ee7a ch\u00fang t\u00f4i.<\/p>\n","protected":false},"excerpt":{"rendered":"<p>KINH NGHI\u1ec6M Morgan\u2019s Ink Tattoo Studio l\u00e0 m\u1ed9t studio x\u0103m h\u00ecnh chuy\u00ean nghi\u1ec7p c\u00f3 tr\u1ee5 s\u1edf t\u1ea1i Th\u00e0nh ph\u1ed1 H\u1ed3 Ch\u00ed Minh, Vi\u1ec7t Nam v\u00e0 \u0111\u01b0\u1ee3c th\u00e0nh l\u1eadp v\u00e0o n\u0103m 2023. Studio c\u1ee7a ch\u00fang t\u00f4i \u0111\u01b0\u1ee3c th\u00e0nh l\u1eadp b\u1edfi m\u1ed9t nh\u00f3m ngh\u1ec7 s\u0129 l\u00e0nh ngh\u1ec1 v\u00e0 m\u1ed9t doanh nh\u00e2n ng\u01b0\u1eddi \u00dac v\u1edbi m\u1ee5c ti\u00eau tr\u1edf [&hellip;]<\/p>\n","protected":false},"author":1,"featured_media":1940,"parent":0,"menu_order":0,"comment_status":"closed","ping_status":"closed","template":"page-hoian.php","meta":{"_acf_changed":false,"footnotes":""},"class_list":["post-3505","page","type-page","status-publish","has-post-thumbnail","hentry"],"acf":[],"yoast_head":"<!-- This site is optimized with the Yoast SEO plugin v25.9 - https:\/\/yoast.com\/wordpress\/plugins\/seo\/ -->\n<title>Tattoo Studio t\u1ea1i H\u1ed9i An - Morgan&#039;s Ink Tattoo<\/title>\n<meta name=\"robots\" content=\"index, follow, max-snippet:-1, max-image-preview:large, max-video-preview:-1\" \/>\n<link rel=\"canonical\" href=\"https:\/\/morgansinktattoo.com\/vi\/tattoo-studio-tai-hoi-an\/\" \/>\n<meta property=\"og:locale\" content=\"vi_VN\" \/>\n<meta property=\"og:type\" content=\"article\" \/>\n<meta property=\"og:title\" content=\"Tattoo Studio t\u1ea1i H\u1ed9i An - Morgan&#039;s Ink Tattoo\" \/>\n<meta property=\"og:description\" content=\"KINH NGHI\u1ec6M Morgan\u2019s Ink Tattoo Studio l\u00e0 m\u1ed9t studio x\u0103m h\u00ecnh chuy\u00ean nghi\u1ec7p c\u00f3 tr\u1ee5 s\u1edf t\u1ea1i Th\u00e0nh ph\u1ed1 H\u1ed3 Ch\u00ed Minh, Vi\u1ec7t Nam v\u00e0 \u0111\u01b0\u1ee3c th\u00e0nh l\u1eadp v\u00e0o n\u0103m 2023. Studio c\u1ee7a ch\u00fang t\u00f4i \u0111\u01b0\u1ee3c th\u00e0nh l\u1eadp b\u1edfi m\u1ed9t nh\u00f3m ngh\u1ec7 s\u0129 l\u00e0nh ngh\u1ec1 v\u00e0 m\u1ed9t doanh nh\u00e2n ng\u01b0\u1eddi \u00dac v\u1edbi m\u1ee5c ti\u00eau tr\u1edf [&hellip;]\" \/>\n<meta property=\"og:url\" content=\"https:\/\/morgansinktattoo.com\/vi\/tattoo-studio-tai-hoi-an\/\" \/>\n<meta property=\"og:site_name\" content=\"Morgan&#039;s Ink Tattoo\" \/>\n<meta property=\"article:publisher\" content=\"https:\/\/www.facebook.com\/morgansinktattoostudio\" \/>\n<meta property=\"og:image\" content=\"https:\/\/morgansinktattoo.com\/wp-content\/uploads\/2024\/11\/image_2024-11-12_00-15-13.jpg\" \/>\n\t<meta property=\"og:image:width\" content=\"2000\" \/>\n\t<meta property=\"og:image:height\" content=\"1124\" \/>\n\t<meta property=\"og:image:type\" content=\"image\/jpeg\" \/>\n<meta name=\"twitter:card\" content=\"summary_large_image\" \/>\n<meta name=\"twitter:label1\" content=\"Est. reading time\" \/>\n\t<meta name=\"twitter:data1\" content=\"5 minutes\" \/>\n<script type=\"application\/ld+json\" class=\"yoast-schema-graph\">{\"@context\":\"https:\/\/schema.org\",\"@graph\":[{\"@type\":\"WebPage\",\"@id\":\"https:\/\/morgansinktattoo.com\/vi\/tattoo-studio-tai-hoi-an\/\",\"url\":\"https:\/\/morgansinktattoo.com\/vi\/tattoo-studio-tai-hoi-an\/\",\"name\":\"Tattoo Studio t\u1ea1i H\u1ed9i An - Morgan&#039;s Ink Tattoo\",\"isPartOf\":{\"@id\":\"https:\/\/morgansinktattoo.com\/vi\/#website\"},\"primaryImageOfPage\":{\"@id\":\"https:\/\/morgansinktattoo.com\/vi\/tattoo-studio-tai-hoi-an\/#primaryimage\"},\"image\":{\"@id\":\"https:\/\/morgansinktattoo.com\/vi\/tattoo-studio-tai-hoi-an\/#primaryimage\"},\"thumbnailUrl\":\"https:\/\/morgansinktattoo.com\/wp-content\/uploads\/2024\/11\/image_2024-11-12_00-15-13.jpg\",\"datePublished\":\"2024-11-11T16:57:12+00:00\",\"breadcrumb\":{\"@id\":\"https:\/\/morgansinktattoo.com\/vi\/tattoo-studio-tai-hoi-an\/#breadcrumb\"},\"inLanguage\":\"vi-VN\",\"potentialAction\":[{\"@type\":\"ReadAction\",\"target\":[\"https:\/\/morgansinktattoo.com\/vi\/tattoo-studio-tai-hoi-an\/\"]}]},{\"@type\":\"ImageObject\",\"inLanguage\":\"vi-VN\",\"@id\":\"https:\/\/morgansinktattoo.com\/vi\/tattoo-studio-tai-hoi-an\/#primaryimage\",\"url\":\"https:\/\/morgansinktattoo.com\/wp-content\/uploads\/2024\/11\/image_2024-11-12_00-15-13.jpg\",\"contentUrl\":\"https:\/\/morgansinktattoo.com\/wp-content\/uploads\/2024\/11\/image_2024-11-12_00-15-13.jpg\",\"width\":2000,\"height\":1124},{\"@type\":\"BreadcrumbList\",\"@id\":\"https:\/\/morgansinktattoo.com\/vi\/tattoo-studio-tai-hoi-an\/#breadcrumb\",\"itemListElement\":[{\"@type\":\"ListItem\",\"position\":1,\"name\":\"Home\",\"item\":\"https:\/\/morgansinktattoo.com\/vi\/\"},{\"@type\":\"ListItem\",\"position\":2,\"name\":\"Tattoo Studio t\u1ea1i H\u1ed9i An\"}]},{\"@type\":\"WebSite\",\"@id\":\"https:\/\/morgansinktattoo.com\/vi\/#website\",\"url\":\"https:\/\/morgansinktattoo.com\/vi\/\",\"name\":\"Morgan's Ink Tattoo\",\"description\":\"The best Tattoo Studio in Ho Chi Minh City\",\"publisher\":{\"@id\":\"https:\/\/morgansinktattoo.com\/vi\/#organization\"},\"potentialAction\":[{\"@type\":\"SearchAction\",\"target\":{\"@type\":\"EntryPoint\",\"urlTemplate\":\"https:\/\/morgansinktattoo.com\/vi\/?s={search_term_string}\"},\"query-input\":{\"@type\":\"PropertyValueSpecification\",\"valueRequired\":true,\"valueName\":\"search_term_string\"}}],\"inLanguage\":\"vi-VN\"},{\"@type\":\"Organization\",\"@id\":\"https:\/\/morgansinktattoo.com\/vi\/#organization\",\"name\":\"Morgan's Ink Tattoo\",\"url\":\"https:\/\/morgansinktattoo.com\/vi\/\",\"logo\":{\"@type\":\"ImageObject\",\"inLanguage\":\"vi-VN\",\"@id\":\"https:\/\/morgansinktattoo.com\/vi\/#\/schema\/logo\/image\/\",\"url\":\"https:\/\/morgansinktattoo.com\/wp-content\/uploads\/2023\/03\/logo-light-2.png\",\"contentUrl\":\"https:\/\/morgansinktattoo.com\/wp-content\/uploads\/2023\/03\/logo-light-2.png\",\"width\":907,\"height\":204,\"caption\":\"Morgan's Ink Tattoo\"},\"image\":{\"@id\":\"https:\/\/morgansinktattoo.com\/vi\/#\/schema\/logo\/image\/\"},\"sameAs\":[\"https:\/\/www.facebook.com\/morgansinktattoostudio\"]}]}<\/script>\n<!-- \/ Yoast SEO plugin. -->","yoast_head_json":{"title":"Tattoo Studio t\u1ea1i H\u1ed9i An - Morgan&#039;s Ink Tattoo","robots":{"index":"index","follow":"follow","max-snippet":"max-snippet:-1","max-image-preview":"max-image-preview:large","max-video-preview":"max-video-preview:-1"},"canonical":"https:\/\/morgansinktattoo.com\/vi\/tattoo-studio-tai-hoi-an\/","og_locale":"vi_VN","og_type":"article","og_title":"Tattoo Studio t\u1ea1i H\u1ed9i An - Morgan&#039;s Ink Tattoo","og_description":"KINH NGHI\u1ec6M Morgan\u2019s Ink Tattoo Studio l\u00e0 m\u1ed9t studio x\u0103m h\u00ecnh chuy\u00ean nghi\u1ec7p c\u00f3 tr\u1ee5 s\u1edf t\u1ea1i Th\u00e0nh ph\u1ed1 H\u1ed3 Ch\u00ed Minh, Vi\u1ec7t Nam v\u00e0 \u0111\u01b0\u1ee3c th\u00e0nh l\u1eadp v\u00e0o n\u0103m 2023. Studio c\u1ee7a ch\u00fang t\u00f4i \u0111\u01b0\u1ee3c th\u00e0nh l\u1eadp b\u1edfi m\u1ed9t nh\u00f3m ngh\u1ec7 s\u0129 l\u00e0nh ngh\u1ec1 v\u00e0 m\u1ed9t doanh nh\u00e2n ng\u01b0\u1eddi \u00dac v\u1edbi m\u1ee5c ti\u00eau tr\u1edf [&hellip;]","og_url":"https:\/\/morgansinktattoo.com\/vi\/tattoo-studio-tai-hoi-an\/","og_site_name":"Morgan&#039;s Ink Tattoo","article_publisher":"https:\/\/www.facebook.com\/morgansinktattoostudio","og_image":[{"width":2000,"height":1124,"url":"https:\/\/morgansinktattoo.com\/wp-content\/uploads\/2024\/11\/image_2024-11-12_00-15-13.jpg","type":"image\/jpeg"}],"twitter_card":"summary_large_image","twitter_misc":{"Est. reading time":"5 minutes"},"schema":{"@context":"https:\/\/schema.org","@graph":[{"@type":"WebPage","@id":"https:\/\/morgansinktattoo.com\/vi\/tattoo-studio-tai-hoi-an\/","url":"https:\/\/morgansinktattoo.com\/vi\/tattoo-studio-tai-hoi-an\/","name":"Tattoo Studio t\u1ea1i H\u1ed9i An - Morgan&#039;s Ink Tattoo","isPartOf":{"@id":"https:\/\/morgansinktattoo.com\/vi\/#website"},"primaryImageOfPage":{"@id":"https:\/\/morgansinktattoo.com\/vi\/tattoo-studio-tai-hoi-an\/#primaryimage"},"image":{"@id":"https:\/\/morgansinktattoo.com\/vi\/tattoo-studio-tai-hoi-an\/#primaryimage"},"thumbnailUrl":"https:\/\/morgansinktattoo.com\/wp-content\/uploads\/2024\/11\/image_2024-11-12_00-15-13.jpg","datePublished":"2024-11-11T16:57:12+00:00","breadcrumb":{"@id":"https:\/\/morgansinktattoo.com\/vi\/tattoo-studio-tai-hoi-an\/#breadcrumb"},"inLanguage":"vi-VN","potentialAction":[{"@type":"ReadAction","target":["https:\/\/morgansinktattoo.com\/vi\/tattoo-studio-tai-hoi-an\/"]}]},{"@type":"ImageObject","inLanguage":"vi-VN","@id":"https:\/\/morgansinktattoo.com\/vi\/tattoo-studio-tai-hoi-an\/#primaryimage","url":"https:\/\/morgansinktattoo.com\/wp-content\/uploads\/2024\/11\/image_2024-11-12_00-15-13.jpg","contentUrl":"https:\/\/morgansinktattoo.com\/wp-content\/uploads\/2024\/11\/image_2024-11-12_00-15-13.jpg","width":2000,"height":1124},{"@type":"BreadcrumbList","@id":"https:\/\/morgansinktattoo.com\/vi\/tattoo-studio-tai-hoi-an\/#breadcrumb","itemListElement":[{"@type":"ListItem","position":1,"name":"Home","item":"https:\/\/morgansinktattoo.com\/vi\/"},{"@type":"ListItem","position":2,"name":"Tattoo Studio t\u1ea1i H\u1ed9i An"}]},{"@type":"WebSite","@id":"https:\/\/morgansinktattoo.com\/vi\/#website","url":"https:\/\/morgansinktattoo.com\/vi\/","name":"Morgan's Ink Tattoo","description":"The best Tattoo Studio in Ho Chi Minh City","publisher":{"@id":"https:\/\/morgansinktattoo.com\/vi\/#organization"},"potentialAction":[{"@type":"SearchAction","target":{"@type":"EntryPoint","urlTemplate":"https:\/\/morgansinktattoo.com\/vi\/?s={search_term_string}"},"query-input":{"@type":"PropertyValueSpecification","valueRequired":true,"valueName":"search_term_string"}}],"inLanguage":"vi-VN"},{"@type":"Organization","@id":"https:\/\/morgansinktattoo.com\/vi\/#organization","name":"Morgan's Ink Tattoo","url":"https:\/\/morgansinktattoo.com\/vi\/","logo":{"@type":"ImageObject","inLanguage":"vi-VN","@id":"https:\/\/morgansinktattoo.com\/vi\/#\/schema\/logo\/image\/","url":"https:\/\/morgansinktattoo.com\/wp-content\/uploads\/2023\/03\/logo-light-2.png","contentUrl":"https:\/\/morgansinktattoo.com\/wp-content\/uploads\/2023\/03\/logo-light-2.png","width":907,"height":204,"caption":"Morgan's Ink Tattoo"},"image":{"@id":"https:\/\/morgansinktattoo.com\/vi\/#\/schema\/logo\/image\/"},"sameAs":["https:\/\/www.facebook.com\/morgansinktattoostudio"]}]}},"_links":{"self":[{"href":"https:\/\/morgansinktattoo.com\/vi\/wp-json\/wp\/v2\/pages\/3505","targetHints":{"allow":["GET"]}}],"collection":[{"href":"https:\/\/morgansinktattoo.com\/vi\/wp-json\/wp\/v2\/pages"}],"about":[{"href":"https:\/\/morgansinktattoo.com\/vi\/wp-json\/wp\/v2\/types\/page"}],"author":[{"embeddable":true,"href":"https:\/\/morgansinktattoo.com\/vi\/wp-json\/wp\/v2\/users\/1"}],"replies":[{"embeddable":true,"href":"https:\/\/morgansinktattoo.com\/vi\/wp-json\/wp\/v2\/comments?post=3505"}],"version-history":[{"count":0,"href":"https:\/\/morgansinktattoo.com\/vi\/wp-json\/wp\/v2\/pages\/3505\/revisions"}],"wp:featuredmedia":[{"embeddable":true,"href":"https:\/\/morgansinktattoo.com\/vi\/wp-json\/wp\/v2\/media\/1940"}],"wp:attachment":[{"href":"https:\/\/morgansinktattoo.com\/vi\/wp-json\/wp\/v2\/media?parent=3505"}],"curies":[{"name":"wp","href":"https:\/\/api.w.org\/{rel}","templated":true}]}}